{"id":483,"date":"2023-03-29T11:47:47","date_gmt":"2023-03-29T11:47:47","guid":{"rendered":"https:\/\/enokanqui.gob.ec\/web\/?page_id=483"},"modified":"2024-01-22T20:37:24","modified_gmt":"2024-01-22T20:37:24","slug":"rendicion-de-cuentas-2022-2","status":"publish","type":"page","link":"https:\/\/enokanqui.gob.ec\/web\/?page_id=483","title":{"rendered":"RENDICI\u00d3N DE CUENTAS 2022"},"content":{"rendered":"\n<p><a href=\"http:\/\/enokanqui.gob.ec\/web\/wp-content\/uploads\/2023\/03\/1-BALANCE-DE-COMPROBACION-signed-signed.pdf\">BALANCE 2022<\/a><\/p>\n\n\n\n<p><a href=\"http:\/\/enokanqui.gob.ec\/web\/wp-content\/uploads\/2023\/03\/2-ESTADOS-DE-RESULTADOS-signed-signed.pdf\">ESTADO DE RESULTADOS<\/a><\/p>\n\n\n\n<figure class=\"wp-block-gallery has-nested-images columns-default is-cropped wp-block-gallery-1 is-layout-flex wp-block-gallery-is-layout-flex\"><\/figure>\n\n\n\n<p><a href=\"http:\/\/enokanqui.gob.ec\/web\/wp-content\/uploads\/2023\/03\/3-ESTADO-DE-SITUACION-FINANCIERA-signed-signed.pdf\">ESTADO DE SITUACI\u00d3N FINANCIERA<\/a> <\/p>\n\n\n\n<p><a href=\"http:\/\/enokanqui.gob.ec\/web\/wp-content\/uploads\/2023\/03\/4-ESTADO-DE-FLUJO-DEL-EFECTIVO-Y-APLICACION-AL-SUPERAVIT-signed-signed.pdf\">ESTADO DE FLUJO DEL EFECTIVO<\/a><\/p>\n\n\n\n<p><a href=\"http:\/\/enokanqui.gob.ec\/web\/wp-content\/uploads\/2023\/03\/5-ESTADO-DE-EJECUCION-PRESUPUESTARIA-signed-signed.pdf\">ESTADO DE EJECUCI\u00d3N PRESUPUESTARIA<\/a><\/p>\n\n\n\n<p><a href=\"http:\/\/enokanqui.gob.ec\/web\/wp-content\/uploads\/2023\/03\/6-CEDULA-PRESUPUESTARIA-DE-INGRESOS-signed-signed.pdf\">C\u00c9DULA PRESUPUESTARIA DE INGRESOS<\/a><\/p>\n\n\n\n<p><a href=\"http:\/\/enokanqui.gob.ec\/web\/wp-content\/uploads\/2023\/03\/6-CEDULA-PRESUPUESTARIA-DE-INGRESOS-signed-signed.pdf\">C\u00c9DULA PRESUPUESTARIA DE GASTOS<\/a><\/p>\n\n\n\n<p><a href=\"http:\/\/enokanqui.gob.ec\/web\/wp-content\/uploads\/2023\/03\/CONTRATO-ENOKANQUI-signed-signed.pdf\">CONTRATO DE JORNADAS CULTURALES 2022<\/a><\/p>\n\n\n\n<p><a href=\"http:\/\/enokanqui.gob.ec\/web\/wp-content\/uploads\/2023\/03\/ACTA-ENTREGA-RECEPCION-RE-GADPRE-22-12-2022-signed-signed-signed.pdf\">ACTA DE ENTREGA RECEPCI\u00d3N JORNADAS CULTURALES 2022<\/a><\/p>\n\n\n\n<p><a href=\"http:\/\/enokanqui.gob.ec\/web\/wp-content\/uploads\/2023\/03\/FACTURA.pdf\">FACTURA DE LAS JORNADAS CULTURALES 2022<\/a><\/p>\n\n\n\n<p><a href=\"http:\/\/enokanqui.gob.ec\/web\/wp-content\/uploads\/2023\/03\/PROYECTO-JORNADAS-2022-signed-signed.pdf\">PROYECTO DE LAS JORNADAS CULTURALES 2022<\/a><\/p>\n\n\n\n<p><a href=\"http:\/\/enokanqui.gob.ec\/web\/wp-content\/uploads\/2023\/03\/Proyecto-GV-EnoK-2022-signed-signed.pdf\">PROYECTO DE LAS JORNADAS RECREATIVAS PARA LOS GRUPOS DE ATENCI\u00d3N PRIORITARIA<\/a><\/p>\n\n\n\n<p><a href=\"http:\/\/enokanqui.gob.ec\/web\/wp-content\/uploads\/2023\/03\/CONTRATO-ENOKANQUI-signed-signed-1.pdf\">CONTRATO DE LAS JORNADAS RECREATIVAS PARA LOS GRUPOS DE ATENCI\u00d3N PRIORITARIA<\/a><\/p>\n\n\n\n<p><a href=\"http:\/\/enokanqui.gob.ec\/web\/wp-content\/uploads\/2023\/03\/ACTA-ENTREGA-RECEPCION-signed-signed-signed.pdf\">ACTA DE ENTREGA RECEPCI\u00d3N DE LAS JORNADAS RECREATIVAS PARA LOS GRUPOS DE ATENCI\u00d3N PRIORITARIA<\/a><\/p>\n\n\n\n<p><a href=\"http:\/\/enokanqui.gob.ec\/web\/wp-content\/uploads\/2023\/03\/FACTURA-1.pdf\">FACTURA DE LAS JORNADAS RECREATIVAS PARA LOS GRUPOS DE ATENCI\u00d3N PRIORITARIA<\/a><\/p>\n\n\n\n<p><a href=\"http:\/\/enokanqui.gob.ec\/web\/wp-content\/uploads\/2023\/03\/ORDEN-DE-COMPRA-signed-signed.pdf\">ORDEN COMPRA DE TUBOS CORRUGADOS PARA LA COMUNIDAD NUEVA JERUSALEN<\/a><\/p>\n\n\n\n<p><a href=\"http:\/\/enokanqui.gob.ec\/web\/wp-content\/uploads\/2023\/03\/ACTA-DE-ENTREGA-signed-signed.pdf\">ACTA DE ENTREGA RECEPCI\u00d3N DE LOS TUBOS CORRUGADOS DE LA COMUNIDAD NUEVA JERUSALEN<\/a><\/p>\n\n\n\n<p><a href=\"http:\/\/enokanqui.gob.ec\/web\/wp-content\/uploads\/2023\/03\/factura_1107202201150036311200120010030000000341190081711.pdf\">FACTURA DE LA COMPRA DE TUBOS CORRUGADOS DE LA COMUNIDAD NUEVA JERUSALEN<\/a><\/p>\n\n\n\n<p><a href=\"http:\/\/enokanqui.gob.ec\/web\/wp-content\/uploads\/2023\/03\/PROYECTO.pdf\">PROYECTO DE LA CONSTRUCCI\u00d3N DE ACERAS, BORDILLOS Y ESCULTURAS REPRESENTATIVAS DE LA ZONA Y UN LOGOTIPO EN EL ACCESO SUR DEL MARGEN DERECHO DE LA VIA QUE CONDUCE SACHA &#8211; LAGO AGRIO DE LA CABECERA PARROQUIAL ENOKANQUI DEL CANT\u00d3N LA JOYA DE LOS SACHAS DE LA PROVINCIA DE ORELLANA<\/a><\/p>\n\n\n\n<p><a href=\"http:\/\/enokanqui.gob.ec\/web\/wp-content\/uploads\/2023\/03\/CONTRATO-signed-signed.pdf\">CONTRATO DE LA CONSTRUCCI\u00d3N DE ACERAS, BORDILLOS Y ESCULTURAS REPRESENTATIVAS DE LA ZONA Y UN LOGOTIPO EN EL ACCESO SUR DEL MARGEN DERECHO DE LA VIA QUE CONDUCE SACHA &#8211; LAGO AGRIO DE LA CABECERA PARROQUIAL ENOKANQUI DEL CANT\u00d3N LA JOYA DE LOS SACHAS DE LA PROVINCIA DE ORELLANA<\/a><\/p>\n\n\n\n<p><a href=\"http:\/\/enokanqui.gob.ec\/web\/wp-content\/uploads\/2023\/03\/ACTA-DE-RECEPCION-PROVIISONAL-OBRA-ENOK-signed-signed-signed-signed.pdf\">ACTA ENTREGA RECEPCI\u00d3N DE LA CONSTRUCCI\u00d3N DE ACERAS, BORDILLOS Y ESCULTURAS REPRESENTATIVAS DE LA ZONA Y UN LOGOTIPO EN EL ACCESO SUR DEL MARGEN DERECHO DE LA VIA QUE CONDUCE SACHA &#8211; LAGO AGRIO DE LA CABECERA PARROQUIAL ENOKANQUI DEL CANT\u00d3N LA JOYA DE LOS SACHAS DE LA PROVINCIA DE ORELLANA<\/a><\/p>\n\n\n\n<p><a href=\"http:\/\/enokanqui.gob.ec\/web\/wp-content\/uploads\/2023\/03\/FACTURAS.zip\">FACTURAS  DE LA CONSTRUCCI\u00d3N DE ACERAS, BORDILLOS Y ESCULTURAS REPRESENTATIVAS DE LA ZONA Y UN LOGOTIPO EN EL ACCESO SUR DEL MARGEN DERECHO DE LA VIA QUE CONDUCE SACHA &#8211; LAGO AGRIO DE LA CABECERA PARROQUIAL ENOKANQUI DEL CANT\u00d3N LA JOYA DE LOS SACHAS DE LA PROVINCIA DE ORELLANA<\/a><\/p>\n\n\n\n<p><a href=\"http:\/\/enokanqui.gob.ec\/web\/wp-content\/uploads\/2023\/03\/PROYECTO-FORTALECIMIENTO-AL-SECTOR-AGRICOLA-CON-LA-PRODUCCION-DE-MAIZ.zip\">PROYECTO DE FORTALECIMIENTO AL SECTOR AGR\u00cdCOLA, CON LA PRODUCCI\u00d3N Y COMERCIALIZACI\u00d3N DE MA\u00cdZ DURO AMARRILLO; EN LA PARROQUIA ENOKANQUI, CANT\u00d3N LA JOYA DE LOS SACHAS, PROVINCIA DE ORELLANA<\/a><\/p>\n\n\n\n<p><a href=\"http:\/\/enokanqui.gob.ec\/web\/wp-content\/uploads\/2023\/03\/PROYECTO-FOMENTO-PRODUCTIVO-DRENAJES.zip\">PROYECTO SEGUNDA ETAPA DE; FOMENTO AL SECTOR AGROPECUARIO, CON LA DOTACI\u00d3N DE 535 HORAS DE TRABAJOS COMUNITARIOS; EN DRENAJE, LIMPIEZA DE CUNETAS Y ALCANTARILLAS, RECONFORMACI\u00d3N DE ESTANQUES PARA PECES; EN LAS COMUNIDADES DE LA PARROQUIA ENOKANQUI CANT\u00d3N JOYA DE LOS SACHAS PROVINCIA DE ORELLANA<\/a><\/p>\n\n\n\n<p><a href=\"http:\/\/enokanqui.gob.ec\/web\/wp-content\/uploads\/2023\/03\/RUEDA-DE-NEGOCIOS.zip\">ORGANIZACI\u00d3N DE \u201cRUEDA DE GENOCIOS\u201d PARA UBICAR LA PRODUCCION DE 200 HA DE MAIZ DURO, PRODUCIDAS BAJO EL PROYECTO \u201cFORTALECIMIENTO AL SECTOR AGR\u00cdCOLA, CON LA PRODUCCI\u00d3N Y COMERCIALIZACI\u00d3N DE MA\u00cdZ DURO AMARRILLO; EN LA PARROQUIA ENOKANQUI, CANT\u00d3N LA JOYA DE LOS SACHAS, PROVINCIA DE ORELLANA<\/a><\/p>\n\n\n\n<p><a href=\"http:\/\/enokanqui.gob.ec\/web\/wp-content\/uploads\/2023\/03\/RACIONES-ALIMENTICIAS.zip\">RACIONES ALIMENTICIAS PARA GRUPOS DE ATENCI\u00d3N PRIORITARIA<\/a><\/p>\n\n\n\n<p><a href=\"http:\/\/enokanqui.gob.ec\/web\/wp-content\/uploads\/2023\/03\/PLAN-OPERATIVO-ANUAL-2022-GADPRE_compressed.pdf\">PLAN OPERATIVO ANUAL 2022<\/a><\/p>\n\n\n\n<p><a href=\"http:\/\/enokanqui.gob.ec\/web\/wp-content\/uploads\/2024\/01\/2.-Acta-de-evaluacion-de-PDYoT.pdf\">ACTA Y EVALUACI\u00d3N DEL PDYOT<\/a><\/p>\n\n\n\n<p><a href=\"http:\/\/enokanqui.gob.ec\/web\/wp-content\/uploads\/2024\/01\/Acta-de-socializacion-y-solicitud-de-PDyoT-POA-Y-PAC.pdf\">ACTA DE SOCIALIZACI\u00d3N  PDYOT, POA, Y PAC<\/a><\/p>\n\n\n\n<p><a href=\"http:\/\/enokanqui.gob.ec\/web\/wp-content\/uploads\/2024\/01\/Acta-de-evaluacion-de-gestion-y-respuesta-de-las-preguntas.pdf\">ACTA DE EVALUACI\u00d3N DE GESTI\u00d3N Y RESPUESTA DE LAS PREGUNTAS<\/a><\/p>\n\n\n\n<p><a href=\"http:\/\/enokanqui.gob.ec\/web\/wp-content\/uploads\/2024\/01\/Informe-de-la-ALC-y-Resolucion-de-la-deliberacion-publica.pdf\">INFORME DE LA  ASAMBLEA LOCAL CIUDADANA Y RESOLUCI\u00d3N DE LA DELIBERACI\u00d3N PUBLICA<\/a><\/p>\n\n\n\n<figure class=\"wp-block-gallery has-nested-images columns-default is-cropped wp-block-gallery-2 is-layout-flex wp-block-gallery-is-layout-flex\"><\/figure>\n","protected":false},"excerpt":{"rendered":"<p>BALANCE 2022 ESTADO DE RESULTADOS ESTADO DE SITUACI\u00d3N FINANCIERA ESTADO DE FLUJO DEL EFECTIVO ESTADO DE EJECUCI\u00d3N PRESUPUESTARIA C\u00c9DULA PRESUPUESTARIA DE INGRESOS C\u00c9DULA PRESUPUESTARIA DE GASTOS CONTRATO DE JORNADAS CULTURALES 2022 ACTA DE ENTREGA RECEPCI\u00d3N JORNADAS CULTURALES 2022 FACTURA DE LAS JORNADAS CULTURALES 2022 PROYECTO DE LAS JORNADAS CULTURALES 2022 PROYECTO DE LAS JORNADAS RECREATIVAS &hellip; <a href=\"https:\/\/enokanqui.gob.ec\/web\/?page_id=483\" class=\"more-link\">Seguir leyendo <span class=\"screen-reader-text\">RENDICI\u00d3N DE CUENTAS 2022<\/span><\/a><\/p>\n","protected":false},"author":1,"featured_media":0,"parent":249,"menu_order":0,"comment_status":"closed","ping_status":"closed","template":"","meta":{"footnotes":""},"class_list":["post-483","page","type-page","status-publish","hentry","without-featured-image"],"_links":{"self":[{"href":"https:\/\/enokanqui.gob.ec\/web\/index.php?rest_route=\/wp\/v2\/pages\/483","targetHints":{"allow":["GET"]}}],"collection":[{"href":"https:\/\/enokanqui.gob.ec\/web\/index.php?rest_route=\/wp\/v2\/pages"}],"about":[{"href":"https:\/\/enokanqui.gob.ec\/web\/index.php?rest_route=\/wp\/v2\/types\/page"}],"author":[{"embeddable":true,"href":"https:\/\/enokanqui.gob.ec\/web\/index.php?rest_route=\/wp\/v2\/users\/1"}],"replies":[{"embeddable":true,"href":"https:\/\/enokanqui.gob.ec\/web\/index.php?rest_route=%2Fwp%2Fv2%2Fcomments&post=483"}],"version-history":[{"count":14,"href":"https:\/\/enokanqui.gob.ec\/web\/index.php?rest_route=\/wp\/v2\/pages\/483\/revisions"}],"predecessor-version":[{"id":538,"href":"https:\/\/enokanqui.gob.ec\/web\/index.php?rest_route=\/wp\/v2\/pages\/483\/revisions\/538"}],"up":[{"embeddable":true,"href":"https:\/\/enokanqui.gob.ec\/web\/index.php?rest_route=\/wp\/v2\/pages\/249"}],"wp:attachment":[{"href":"https:\/\/enokanqui.gob.ec\/web\/index.php?rest_route=%2Fwp%2Fv2%2Fmedia&parent=483"}],"curies":[{"name":"wp","href":"https:\/\/api.w.org\/{rel}","templated":true}]}}